{"id":1632,"date":"2023-12-20T21:39:22","date_gmt":"2023-12-20T20:39:22","guid":{"rendered":"https:\/\/estatebulgaria.net\/masgeschneiderte-kuche\/"},"modified":"2024-02-13T00:19:34","modified_gmt":"2024-02-12T23:19:34","slug":"masgeschneiderte-kuche","status":"publish","type":"page","link":"https:\/\/estatebulgaria.net\/de\/masgeschneiderte-kuche\/","title":{"rendered":"Ma\u00dfgeschneiderte K\u00fcche"},"content":{"rendered":"\t\t<div data-elementor-type=\"wp-page\" data-elementor-id=\"1632\" class=\"elementor elementor-1632 elementor-1244\">\n\t\t\t\t\t\t<section class=\"elementor-section elementor-top-section elementor-element elementor-element-47cc838 elementor-section-boxed elementor-section-height-default elementor-section-height-default\" data-id=\"47cc838\" data-element_type=\"section\">\n\t\t\t\t\t\t<div class=\"elementor-container elementor-column-gap-default\">\n\t\t\t\t\t<div class=\"elementor-column elementor-col-100 elementor-top-column elementor-element elementor-element-c4075bc\" data-id=\"c4075bc\" data-element_type=\"column\">\n\t\t\t<div class=\"elementor-widget-wrap elementor-element-populated\">\n\t\t\t\t\t\t<div class=\"elementor-element elementor-element-e8bbd6e elementor-widget elementor-widget-text-editor\" data-id=\"e8bbd6e\" data-element_type=\"widget\" data-widget_type=\"text-editor.default\">\n\t\t\t\t<div class=\"elementor-widget-container\">\n\t\t\t\t\t\t\t\t\t<p><span style=\"font-family: var( --e-global-typography-text-font-family ), Sans-serif;\">Wir freuen uns, Ihnen eine ma\u00dfgeschneiderte K\u00fcche anbieten zu k\u00f6nnen, die modernstes Design, hochwertige Materialien und eine pers\u00f6nliche Note vereint. Wir sind davon \u00fcberzeugt, dass die richtige K\u00fcche nicht nur Ihr Interieur versch\u00f6nert, sondern auch Ihre Bed\u00fcrfnisse und Vorstellungen voll erf\u00fcllt.<\/span><\/p>\n<p>     <span style=\"text-decoration: underline;\">1. Hochwertige Materialien:<\/span><\/p>\n<p> Wir bieten eine gro\u00dfe Auswahl an hochwertigen Materialien f\u00fcr Schr\u00e4nke, Arbeitsplatten und Zubeh\u00f6r.<\/p>\n<p> Holzelemente aus ausgew\u00e4hlten Holzarten wie Eiche, Buche oder Ahorn f\u00fcr Langlebigkeit und sch\u00f6nes Aussehen.<\/p>\n<p> Moderne Laminate und kratzfeste Oberfl\u00e4chen.<\/p>\n<p>    <span style=\"text-decoration: underline;\">2. Individuelle Gestaltung:<\/span><br \/>  Jede K\u00fcche wird individuell nach Ihren W\u00fcnschen und Bed\u00fcrfnissen gestaltet.<\/p>\n<p>  Zusammenarbeit mit unseren Designern, um einen einzigartigen und funktionalen Raum zu schaffen.<\/p>\n<p>  Sie haben die Wahl zwischen verschiedenen Farben, Stilen und Designelementen, ganz nach Ihrem Geschmack.<\/p>\n<p>    <span style=\"text-decoration: underline;\">3. Funktionalit\u00e4t und Ergonomie:<\/span><br \/>  Maximale Raumausnutzung durch intelligente Schrank- und Schubladenanordnung.<\/p>\n<p>  Moderne Technologien wie Soft-Close-Schubladen und schwenkbare Eckschr\u00e4nke sorgen f\u00fcr eine komfortable Nutzung.<\/p>\n<p>    <u>4. Professionelle Installation und Service:<\/u><\/p>\n<p>  Professionelle Installation durch unsere erfahrenen und geschulten Techniker.<\/p>\n<p>  Wir garantieren f\u00fcr unsere Produkte und Dienstleistungen, so dass Sie langfristig zufrieden sein k\u00f6nnen.<\/p>\n<p>    <u>5. \u00d6kologischer Ansatz:<\/u><\/p>\n<p>  Verwendung von umweltfreundlichen Materialien und Produktionsverfahren.<\/p>\n<p>  Recycling von Abf\u00e4llen und Minimierung des \u00f6kologischen Fu\u00dfabdrucks.<\/p>\n<p>Wir erwarten, dass die neue K\u00fcche Ihren Erwartungen entspricht und nicht nur einen perfekten optischen Eindruck, sondern auch Funktionalit\u00e4t und Komfort in Ihr Zuhause bringt. Wir sind bereit, mit Ihnen zusammenzuarbeiten, um sicherzustellen, dass Ihre neue K\u00fcche genau das ist, was Sie sich immer vorgestellt haben.<\/p>\n\t\t\t\t\t\t\t\t<\/div>\n\t\t\t\t<\/div>\n\t\t\t\t<div class=\"elementor-element elementor-element-c51c88b elementor-widget elementor-widget-image\" data-id=\"c51c88b\" data-element_type=\"widget\" data-widget_type=\"image.default\">\n\t\t\t\t<div class=\"elementor-widget-container\">\n\t\t\t\t\t\t\t\t\t\t\t\t\t\t\t<img fetchpriority=\"high\" decoding=\"async\" width=\"1124\" height=\"750\" src=\"https:\/\/estatebulgaria.net\/wp-content\/uploads\/2023\/12\/Kuchyne.webp\" class=\"attachment-full size-full wp-image-1250\" alt=\"\" srcset=\"https:\/\/estatebulgaria.net\/wp-content\/uploads\/2023\/12\/Kuchyne.webp 1124w, https:\/\/estatebulgaria.net\/wp-content\/uploads\/2023\/12\/Kuchyne-300x200.webp 300w, https:\/\/estatebulgaria.net\/wp-content\/uploads\/2023\/12\/Kuchyne-1024x683.webp 1024w, https:\/\/estatebulgaria.net\/wp-content\/uploads\/2023\/12\/Kuchyne-768x512.webp 768w\" sizes=\"(max-width: 1124px) 100vw, 1124px\" \/>\t\t\t\t\t\t\t\t\t\t\t\t\t\t\t<\/div>\n\t\t\t\t<\/div>\n\t\t\t\t\t<\/div>\n\t\t<\/div>\n\t\t\t\t\t<\/div>\n\t\t<\/section>\n\t\t\t\t<\/div>\n\t\t","protected":false},"excerpt":{"rendered":"<p>Wir freuen uns, Ihnen eine ma\u00dfgeschneiderte K\u00fcche anbieten zu k\u00f6nnen, die modernstes Design, hochwertige Materialien und eine pers\u00f6nliche Note vereint. Wir sind davon \u00fcberzeugt, dass die richtige K\u00fcche nicht nur Ihr Interieur versch\u00f6nert, sondern auch Ihre Bed\u00fcrfnisse und Vorstellungen voll erf\u00fcllt. 1. Hochwertige Materialien: Wir bieten eine gro\u00dfe Auswahl an<\/p>\n<div class=\"re-read-more\"><a class=\"read-more\" href=\"https:\/\/estatebulgaria.net\/de\/masgeschneiderte-kuche\/\">Read More&#8230;<\/a><\/div>\n","protected":false},"author":1,"featured_media":0,"parent":0,"menu_order":0,"comment_status":"closed","ping_status":"closed","template":"","meta":{"footnotes":""},"class_list":["post-1632","page","type-page","status-publish","hentry"],"_links":{"self":[{"href":"https:\/\/estatebulgaria.net\/de\/wp-json\/wp\/v2\/pages\/1632","targetHints":{"allow":["GET"]}}],"collection":[{"href":"https:\/\/estatebulgaria.net\/de\/wp-json\/wp\/v2\/pages"}],"about":[{"href":"https:\/\/estatebulgaria.net\/de\/wp-json\/wp\/v2\/types\/page"}],"author":[{"embeddable":true,"href":"https:\/\/estatebulgaria.net\/de\/wp-json\/wp\/v2\/users\/1"}],"replies":[{"embeddable":true,"href":"https:\/\/estatebulgaria.net\/de\/wp-json\/wp\/v2\/comments?post=1632"}],"version-history":[{"count":1,"href":"https:\/\/estatebulgaria.net\/de\/wp-json\/wp\/v2\/pages\/1632\/revisions"}],"predecessor-version":[{"id":1633,"href":"https:\/\/estatebulgaria.net\/de\/wp-json\/wp\/v2\/pages\/1632\/revisions\/1633"}],"wp:attachment":[{"href":"https:\/\/estatebulgaria.net\/de\/wp-json\/wp\/v2\/media?parent=1632"}],"curies":[{"name":"wp","href":"https:\/\/api.w.org\/{rel}","templated":true}]}}