{"id":1640,"date":"2023-12-20T23:49:06","date_gmt":"2023-12-20T22:49:06","guid":{"rendered":"https:\/\/estatebulgaria.net\/stundlich-ehemann\/"},"modified":"2024-02-13T00:20:29","modified_gmt":"2024-02-12T23:20:29","slug":"stundlich-ehemann","status":"publish","type":"page","link":"https:\/\/estatebulgaria.net\/de\/stundlich-ehemann\/","title":{"rendered":"St\u00fcndlich Ehemann"},"content":{"rendered":"\t\t<div data-elementor-type=\"wp-page\" data-elementor-id=\"1640\" class=\"elementor elementor-1640 elementor-1321\">\n\t\t\t\t\t\t<section class=\"elementor-section elementor-top-section elementor-element elementor-element-47cc838 elementor-section-boxed elementor-section-height-default elementor-section-height-default\" data-id=\"47cc838\" data-element_type=\"section\">\n\t\t\t\t\t\t<div class=\"elementor-container elementor-column-gap-default\">\n\t\t\t\t\t<div class=\"elementor-column elementor-col-100 elementor-top-column elementor-element elementor-element-c4075bc\" data-id=\"c4075bc\" data-element_type=\"column\">\n\t\t\t<div class=\"elementor-widget-wrap elementor-element-populated\">\n\t\t\t\t\t\t<div class=\"elementor-element elementor-element-e8bbd6e elementor-widget elementor-widget-text-editor\" data-id=\"e8bbd6e\" data-element_type=\"widget\" data-widget_type=\"text-editor.default\">\n\t\t\t\t<div class=\"elementor-widget-container\">\n\t\t\t\t\t\t\t\t\t<p>Wenn Sie kleinere Reparaturen, Wartungsarbeiten oder Installationen in Ihrem Haus ben\u00f6tigen und nicht die Zeit oder Erfahrung haben, bieten wir Ihnen gerne die Dienste unseres &#8222;Stundenmannes&#8220; an. Wir sind f\u00fcr Sie da, um Ihnen ohne Stress und unn\u00f6tige Komplikationen bei Ihren Haushaltsangelegenheiten zu helfen. Wir arbeiten schnell, effizient und mit einer professionellen Einstellung. Wir bieten Beratung und Vorschl\u00e4ge f\u00fcr optimale L\u00f6sungen f\u00fcr Ihre Bed\u00fcrfnisse. Wir arbeiten mit Respekt f\u00fcr Ihr Zuhause und mit Qualit\u00e4t.<\/p>\n<p>    <u>1. Reparaturen und Wartung:<\/u><\/p>\n<p>  Elektrische Reparaturen (Austausch von Steckdosen, Schaltern).<\/p>\n<p>  Kleinere Reparaturen an Wasser- und Abwassersystemen.<\/p>\n<p>  Reparaturen von M\u00f6beln und T\u00fcren.<\/p>\n<p>    <u>2. Montage und Einbau:<\/u><\/p>\n<p>  Installation von M\u00f6beln, Regalen, H\u00e4ngeregalen.<\/p>\n<p>  Einbau neuer Beleuchtungsk\u00f6rper und Kronleuchter.<\/p>\n<p>  Aufstellung und Installation von Haushaltsger\u00e4ten.<\/p>\n<p>    <u>3. Garten und Au\u00dfenanlagen:<\/u><\/p>\n<p>  Gartenpflege (Rasenm\u00e4hen, Strauchschnitt).<\/p>\n<p>  Installation von Au\u00dfenm\u00f6beln.<\/p>\n<p>  Reparaturen von Z\u00e4unen und Toren.<\/p>\n<p>    <u>4. Malerei und Endbearbeitung:<\/u><\/p>\n<p>  Innen- und Au\u00dfenanstrich.<\/p>\n<p>  Reparaturen von Gips- und Gipskartonkonstruktionen.<\/p>\n<p>  Verlegung von Fu\u00dfb\u00f6den und Fliesen.<\/p>\n<p>Unser Hourly Husband ist f\u00fcr Sie da, um Ihnen das Leben zu Hause zu erleichtern. Setzen Sie sich mit uns in Verbindung, um einen Termin zu vereinbaren oder weitere Informationen anzufordern.<\/p>\n\t\t\t\t\t\t\t\t<\/div>\n\t\t\t\t<\/div>\n\t\t\t\t<div class=\"elementor-element elementor-element-c51c88b elementor-widget elementor-widget-image\" data-id=\"c51c88b\" data-element_type=\"widget\" data-widget_type=\"image.default\">\n\t\t\t\t<div class=\"elementor-widget-container\">\n\t\t\t\t\t\t\t\t\t\t\t\t\t\t\t<img fetchpriority=\"high\" decoding=\"async\" width=\"501\" height=\"750\" src=\"https:\/\/estatebulgaria.net\/wp-content\/uploads\/2023\/12\/Hodinovy-manzel.webp\" class=\"attachment-full size-full wp-image-1247\" alt=\"\" srcset=\"https:\/\/estatebulgaria.net\/wp-content\/uploads\/2023\/12\/Hodinovy-manzel.webp 501w, https:\/\/estatebulgaria.net\/wp-content\/uploads\/2023\/12\/Hodinovy-manzel-200x300.webp 200w\" sizes=\"(max-width: 501px) 100vw, 501px\" \/>\t\t\t\t\t\t\t\t\t\t\t\t\t\t\t<\/div>\n\t\t\t\t<\/div>\n\t\t\t\t\t<\/div>\n\t\t<\/div>\n\t\t\t\t\t<\/div>\n\t\t<\/section>\n\t\t\t\t<\/div>\n\t\t","protected":false},"excerpt":{"rendered":"<p>Wenn Sie kleinere Reparaturen, Wartungsarbeiten oder Installationen in Ihrem Haus ben\u00f6tigen und nicht die Zeit oder Erfahrung haben, bieten wir Ihnen gerne die Dienste unseres &#8222;Stundenmannes&#8220; an. Wir sind f\u00fcr Sie da, um Ihnen ohne Stress und unn\u00f6tige Komplikationen bei Ihren Haushaltsangelegenheiten zu helfen. Wir arbeiten schnell, effizient und mit<\/p>\n<div class=\"re-read-more\"><a class=\"read-more\" href=\"https:\/\/estatebulgaria.net\/de\/stundlich-ehemann\/\">Read More&#8230;<\/a><\/div>\n","protected":false},"author":1,"featured_media":0,"parent":0,"menu_order":0,"comment_status":"closed","ping_status":"closed","template":"","meta":{"footnotes":""},"class_list":["post-1640","page","type-page","status-publish","hentry"],"_links":{"self":[{"href":"https:\/\/estatebulgaria.net\/de\/wp-json\/wp\/v2\/pages\/1640","targetHints":{"allow":["GET"]}}],"collection":[{"href":"https:\/\/estatebulgaria.net\/de\/wp-json\/wp\/v2\/pages"}],"about":[{"href":"https:\/\/estatebulgaria.net\/de\/wp-json\/wp\/v2\/types\/page"}],"author":[{"embeddable":true,"href":"https:\/\/estatebulgaria.net\/de\/wp-json\/wp\/v2\/users\/1"}],"replies":[{"embeddable":true,"href":"https:\/\/estatebulgaria.net\/de\/wp-json\/wp\/v2\/comments?post=1640"}],"version-history":[{"count":3,"href":"https:\/\/estatebulgaria.net\/de\/wp-json\/wp\/v2\/pages\/1640\/revisions"}],"predecessor-version":[{"id":1643,"href":"https:\/\/estatebulgaria.net\/de\/wp-json\/wp\/v2\/pages\/1640\/revisions\/1643"}],"wp:attachment":[{"href":"https:\/\/estatebulgaria.net\/de\/wp-json\/wp\/v2\/media?parent=1640"}],"curies":[{"name":"wp","href":"https:\/\/api.w.org\/{rel}","templated":true}]}}