{"id":1644,"date":"2023-12-20T23:25:17","date_gmt":"2023-12-20T22:25:17","guid":{"rendered":"https:\/\/estatebulgaria.net\/wiederaufbau\/"},"modified":"2024-02-13T00:20:41","modified_gmt":"2024-02-12T23:20:41","slug":"wiederaufbau","status":"publish","type":"page","link":"https:\/\/estatebulgaria.net\/de\/wiederaufbau\/","title":{"rendered":"Wiederaufbau"},"content":{"rendered":"\t\t<div data-elementor-type=\"wp-page\" data-elementor-id=\"1644\" class=\"elementor elementor-1644 elementor-1280\">\n\t\t\t\t\t\t<section class=\"elementor-section elementor-top-section elementor-element elementor-element-47cc838 elementor-section-boxed elementor-section-height-default elementor-section-height-default\" data-id=\"47cc838\" data-element_type=\"section\">\n\t\t\t\t\t\t<div class=\"elementor-container elementor-column-gap-default\">\n\t\t\t\t\t<div class=\"elementor-column elementor-col-100 elementor-top-column elementor-element elementor-element-c4075bc\" data-id=\"c4075bc\" data-element_type=\"column\">\n\t\t\t<div class=\"elementor-widget-wrap elementor-element-populated\">\n\t\t\t\t\t\t<div class=\"elementor-element elementor-element-e8bbd6e elementor-widget elementor-widget-text-editor\" data-id=\"e8bbd6e\" data-element_type=\"widget\" data-widget_type=\"text-editor.default\">\n\t\t\t\t<div class=\"elementor-widget-container\">\n\t\t\t\t\t\t\t\t\t<p>Wir sind stolz auf unsere Qualit\u00e4tsarbeit und die Zufriedenheit unserer Kunden. Wir freuen uns, Ihnen unser Angebot f\u00fcr die komplexe Rekonstruktion von Wohnungen zu unterbreiten.<\/p>\n<p>     <u>1. Verkabelung:<\/u><\/p>\n<p>  Modernisierung der Elektroinstallation nach den neuesten Sicherheitsstandards.<\/p>\n<p>  Installation moderner Beleuchtungssysteme, einschlie\u00dflich LED-Beleuchtung, um Energie zu sparen.<\/p>\n<p>  Vorbereitung auf Smart Home und Automatisierung.<\/p>\n<p>    <u>2. Klempnerarbeiten:<\/u><\/p>\n<p>  Erneuerung und Modernisierung der Wasserverteilungssysteme.<\/p>\n<p>  Einbau moderner Armaturen und sanit\u00e4rer Anlagen.<\/p>\n<p>  \u00c4nderungen zur Verbesserung der Wassereffizienz.<\/p>\n<p>    <u>3. Kanalisation und Abfall:<\/u><\/p>\n<p>  Revision und Instandsetzung bestehender Kanalisationssysteme.<\/p>\n<p>  Installation neuer Entw\u00e4sserungssysteme mit Schwerpunkt auf Sicherheit und Hygiene.<\/p>\n<p>  \u00d6kologische L\u00f6sungen f\u00fcr Abw\u00e4sser.<\/p>\n<p>    <u>4. Revitalisierung der Innenr\u00e4ume:<\/u><\/p>\n<p>  Entfernung und Erneuerung von B\u00f6den, W\u00e4nden und Decken nach Ihren W\u00fcnschen.<\/p>\n<p>  Farb- und Designkonzepte f\u00fcr maximale \u00e4sthetische Attraktivit\u00e4t.<\/p>\n<p>  Hochwertige Oberfl\u00e4chenbehandlung f\u00fcr lange Haltbarkeit.<\/p>\n\t\t\t\t\t\t\t\t<\/div>\n\t\t\t\t<\/div>\n\t\t\t\t<div class=\"elementor-element elementor-element-c51c88b elementor-widget elementor-widget-image\" data-id=\"c51c88b\" data-element_type=\"widget\" data-widget_type=\"image.default\">\n\t\t\t\t<div class=\"elementor-widget-container\">\n\t\t\t\t\t\t\t\t\t\t\t\t\t\t\t<img fetchpriority=\"high\" decoding=\"async\" width=\"1132\" height=\"750\" src=\"https:\/\/estatebulgaria.net\/wp-content\/uploads\/2023\/12\/Rekonstrukce.jpeg\" class=\"attachment-full size-full wp-image-1253\" alt=\"\" srcset=\"https:\/\/estatebulgaria.net\/wp-content\/uploads\/2023\/12\/Rekonstrukce.jpeg 1132w, https:\/\/estatebulgaria.net\/wp-content\/uploads\/2023\/12\/Rekonstrukce-300x199.jpeg 300w, https:\/\/estatebulgaria.net\/wp-content\/uploads\/2023\/12\/Rekonstrukce-1024x678.jpeg 1024w, https:\/\/estatebulgaria.net\/wp-content\/uploads\/2023\/12\/Rekonstrukce-768x509.jpeg 768w\" sizes=\"(max-width: 1132px) 100vw, 1132px\" \/>\t\t\t\t\t\t\t\t\t\t\t\t\t\t\t<\/div>\n\t\t\t\t<\/div>\n\t\t\t\t\t<\/div>\n\t\t<\/div>\n\t\t\t\t\t<\/div>\n\t\t<\/section>\n\t\t\t\t<\/div>\n\t\t","protected":false},"excerpt":{"rendered":"<p>Wir sind stolz auf unsere Qualit\u00e4tsarbeit und die Zufriedenheit unserer Kunden. Wir freuen uns, Ihnen unser Angebot f\u00fcr die komplexe Rekonstruktion von Wohnungen zu unterbreiten. 1. Verkabelung: Modernisierung der Elektroinstallation nach den neuesten Sicherheitsstandards. Installation moderner Beleuchtungssysteme, einschlie\u00dflich LED-Beleuchtung, um Energie zu sparen. Vorbereitung auf Smart Home und Automatisierung. 2.<\/p>\n<div class=\"re-read-more\"><a class=\"read-more\" href=\"https:\/\/estatebulgaria.net\/de\/wiederaufbau\/\">Read More&#8230;<\/a><\/div>\n","protected":false},"author":1,"featured_media":0,"parent":0,"menu_order":0,"comment_status":"closed","ping_status":"closed","template":"","meta":{"footnotes":""},"class_list":["post-1644","page","type-page","status-publish","hentry"],"_links":{"self":[{"href":"https:\/\/estatebulgaria.net\/de\/wp-json\/wp\/v2\/pages\/1644","targetHints":{"allow":["GET"]}}],"collection":[{"href":"https:\/\/estatebulgaria.net\/de\/wp-json\/wp\/v2\/pages"}],"about":[{"href":"https:\/\/estatebulgaria.net\/de\/wp-json\/wp\/v2\/types\/page"}],"author":[{"embeddable":true,"href":"https:\/\/estatebulgaria.net\/de\/wp-json\/wp\/v2\/users\/1"}],"replies":[{"embeddable":true,"href":"https:\/\/estatebulgaria.net\/de\/wp-json\/wp\/v2\/comments?post=1644"}],"version-history":[{"count":3,"href":"https:\/\/estatebulgaria.net\/de\/wp-json\/wp\/v2\/pages\/1644\/revisions"}],"predecessor-version":[{"id":1647,"href":"https:\/\/estatebulgaria.net\/de\/wp-json\/wp\/v2\/pages\/1644\/revisions\/1647"}],"wp:attachment":[{"href":"https:\/\/estatebulgaria.net\/de\/wp-json\/wp\/v2\/media?parent=1644"}],"curies":[{"name":"wp","href":"https:\/\/api.w.org\/{rel}","templated":true}]}}