{"id":1648,"date":"2023-09-27T01:08:42","date_gmt":"2023-09-26T23:08:42","guid":{"rendered":"https:\/\/estatebulgaria.net\/dienstleistungen\/"},"modified":"2024-02-13T00:20:53","modified_gmt":"2024-02-12T23:20:53","slug":"dienstleistungen","status":"publish","type":"page","link":"https:\/\/estatebulgaria.net\/de\/dienstleistungen\/","title":{"rendered":"Dienstleistungen"},"content":{"rendered":"\t\t<div data-elementor-type=\"wp-page\" data-elementor-id=\"1648\" class=\"elementor elementor-1648 elementor-665\">\n\t\t\t\t\t\t<section class=\"elementor-section elementor-top-section elementor-element elementor-element-47cc838 elementor-section-boxed elementor-section-height-default elementor-section-height-default\" data-id=\"47cc838\" data-element_type=\"section\">\n\t\t\t\t\t\t<div class=\"elementor-container elementor-column-gap-default\">\n\t\t\t\t\t<div class=\"elementor-column elementor-col-100 elementor-top-column elementor-element elementor-element-c4075bc\" data-id=\"c4075bc\" data-element_type=\"column\">\n\t\t\t<div class=\"elementor-widget-wrap elementor-element-populated\">\n\t\t\t\t\t\t<div class=\"elementor-element elementor-element-e8bbd6e elementor-widget elementor-widget-text-editor\" data-id=\"e8bbd6e\" data-element_type=\"widget\" data-widget_type=\"text-editor.default\">\n\t\t\t\t<div class=\"elementor-widget-container\">\n\t\t\t\t\t\t\t\t\t<p><strong>1. Verkauf von Wohnungen und H\u00e4usern  <\/strong><\/p>\n<p>Wir bieten eine gro\u00dfe Auswahl an Wohnungen und H\u00e4usern in verschiedenen Preiskategorien und Lagen. Unsere Immobilienmakler helfen Ihnen, das Richtige f\u00fcr Sie zu finden.  <\/p>\n<\/p>\n<p><strong>2. Gewerbeimmobilien  <\/strong><\/p>\n<p>Wenn Sie auf der Suche nach Investitionsm\u00f6glichkeiten sind, bieten wir auch Gewerbeimmobilien wie B\u00fcrogeb\u00e4ude, Einzelhandelsfl\u00e4chen und mehr an.  <\/p>\n<\/p>\n<p><strong>3. Neue Geb\u00e4ude und Entwicklungsprojekte  <\/strong><\/p>\n<p>Wir haben ein Auge auf aktuelle Entwicklungsprojekte und Neubauten, um Ihnen moderne und qualitativ hochwertige Optionen anbieten zu k\u00f6nnen.  <\/p>\n<\/p>\n<p><strong>4. Renovierung von Immobilien  <\/strong><\/p>\n<p>Wenn die von Ihnen gew\u00e4hlte Immobilie nicht ganz Ihren Vorstellungen entspricht oder Sie sich die Anfangsinvestition sparen und Ihre Immobilie genau nach Ihren Vorstellungen renovieren m\u00f6chten, ist nichts einfacher f\u00fcr uns, als Ihnen zu helfen.  <\/p>\n<\/p>\n<p><strong>5. Beratung und Finanzdienstleistungen  <\/strong><\/p>\n<p>Unsere Finanzberater k\u00f6nnen Ihnen bei Hypotheken, Finanzierungen und allen finanziellen Fragen im Zusammenhang mit dem Kauf einer Immobilie helfen.  <\/p>\n<\/p>\n<p><strong>6. \u00dcbersetzung<\/strong><\/p>\n<p>Da wir uns mit dem Kauf und Verkauf von Immobilien in Bulgarien befassen, sind alle Vertr\u00e4ge in bulgarischer Sprache abgefasst. Auch wenn Sie einen zweisprachigen Vertrag haben, gilt immer der bulgarische Text, und deshalb m\u00fcssen Sie genau wissen, was Sie unterschreiben. Aus diesem Grund erhalten Sie vor der Vertragsunterzeichnung alle Informationen in englischer Sprache, und es kann sein, dass ein \u00dcbersetzer vor Ort ist, damit Sie den Originalvertrag pr\u00fcfen und eventuelle Fragen stellen k\u00f6nnen.<\/p>\n\t\t\t\t\t\t\t\t<\/div>\n\t\t\t\t<\/div>\n\t\t\t\t\t<\/div>\n\t\t<\/div>\n\t\t\t\t\t<\/div>\n\t\t<\/section>\n\t\t\t\t<\/div>\n\t\t","protected":false},"excerpt":{"rendered":"<p>1. Verkauf von Wohnungen und H\u00e4usern Wir bieten eine gro\u00dfe Auswahl an Wohnungen und H\u00e4usern in verschiedenen Preiskategorien und Lagen. Unsere Immobilienmakler helfen Ihnen, das Richtige f\u00fcr Sie zu finden. 2. Gewerbeimmobilien Wenn Sie auf der Suche nach Investitionsm\u00f6glichkeiten sind, bieten wir auch Gewerbeimmobilien wie B\u00fcrogeb\u00e4ude, Einzelhandelsfl\u00e4chen und mehr an.<\/p>\n<div class=\"re-read-more\"><a class=\"read-more\" href=\"https:\/\/estatebulgaria.net\/de\/dienstleistungen\/\">Read More&#8230;<\/a><\/div>\n","protected":false},"author":1,"featured_media":0,"parent":0,"menu_order":0,"comment_status":"closed","ping_status":"closed","template":"","meta":{"footnotes":""},"class_list":["post-1648","page","type-page","status-publish","hentry"],"_links":{"self":[{"href":"https:\/\/estatebulgaria.net\/de\/wp-json\/wp\/v2\/pages\/1648","targetHints":{"allow":["GET"]}}],"collection":[{"href":"https:\/\/estatebulgaria.net\/de\/wp-json\/wp\/v2\/pages"}],"about":[{"href":"https:\/\/estatebulgaria.net\/de\/wp-json\/wp\/v2\/types\/page"}],"author":[{"embeddable":true,"href":"https:\/\/estatebulgaria.net\/de\/wp-json\/wp\/v2\/users\/1"}],"replies":[{"embeddable":true,"href":"https:\/\/estatebulgaria.net\/de\/wp-json\/wp\/v2\/comments?post=1648"}],"version-history":[{"count":3,"href":"https:\/\/estatebulgaria.net\/de\/wp-json\/wp\/v2\/pages\/1648\/revisions"}],"predecessor-version":[{"id":1651,"href":"https:\/\/estatebulgaria.net\/de\/wp-json\/wp\/v2\/pages\/1648\/revisions\/1651"}],"wp:attachment":[{"href":"https:\/\/estatebulgaria.net\/de\/wp-json\/wp\/v2\/media?parent=1648"}],"curies":[{"name":"wp","href":"https:\/\/api.w.org\/{rel}","templated":true}]}}