{"id":1652,"date":"2023-12-21T00:08:26","date_gmt":"2023-12-20T23:08:26","guid":{"rendered":"https:\/\/estatebulgaria.net\/warum-bulgarien\/"},"modified":"2024-07-15T21:05:55","modified_gmt":"2024-07-15T19:05:55","slug":"warum-bulgarien","status":"publish","type":"page","link":"https:\/\/estatebulgaria.net\/de\/warum-bulgarien\/","title":{"rendered":"Warum Bulgarien?"},"content":{"rendered":"\t\t<div data-elementor-type=\"wp-page\" data-elementor-id=\"1652\" class=\"elementor elementor-1652 elementor-1355\">\n\t\t\t\t\t\t<section class=\"elementor-section elementor-top-section elementor-element elementor-element-47cc838 elementor-section-boxed elementor-section-height-default elementor-section-height-default\" data-id=\"47cc838\" data-element_type=\"section\">\n\t\t\t\t\t\t<div class=\"elementor-container elementor-column-gap-default\">\n\t\t\t\t\t<div class=\"elementor-column elementor-col-100 elementor-top-column elementor-element elementor-element-c4075bc\" data-id=\"c4075bc\" data-element_type=\"column\">\n\t\t\t<div class=\"elementor-widget-wrap elementor-element-populated\">\n\t\t\t\t\t\t<div class=\"elementor-element elementor-element-e8bbd6e elementor-widget elementor-widget-text-editor\" data-id=\"e8bbd6e\" data-element_type=\"widget\" data-widget_type=\"text-editor.default\">\n\t\t\t\t<div class=\"elementor-widget-container\">\n\t\t\t\t\t\t\t\t\t<p>Was sind die Gr\u00fcnde f\u00fcr den Kauf einer Immobilie in Bulgarien?<\/p>\n<ol>\n<li><strong><u>Preis von Immobilien<\/u><\/strong>\n<p>Die Preise sind deutlich niedriger als in Deutschland, und neben der Gr\u00f6\u00dfe spielen auch die Lage und die N\u00e4he zum Meer eine wichtige Rolle.<\/p>\n<p>Bei einigen Wohnungen kann der Preisunterschied nur wegen des Meerblicks bestehen, und das ist ein sehr gro\u00dfer Unterschied.<\/p>\n<\/li>\n<li>\n<p><strong><span style=\"text-decoration: underline;\">Ratenkauf m\u00f6glich<\/span><\/strong><\/p>\n<p>Einfache M\u00f6glichkeit, Immobilien in Raten zu kaufen, ohne das Solus-Register, CERD usw. konsultieren zu m\u00fcssen.<\/p>\n<p>Alles, was Sie brauchen, ist ein Identit\u00e4tsnachweis, Ihre E-Mail-Adresse und die Zahlung von 10 % des Kaufvertrags. Innerhalb eines Tages ist alles erledigt und Sie sind der Eigent\u00fcmer der Immobilie. Zu diesem Zeitpunkt k\u00f6nnen Sie die Immobilie nutzen oder vermieten.<\/p>\n<p>Die R\u00fcckzahlungsfrist kann bis zu 10 Jahre betragen, wir empfehlen jedoch wegen der niedrigeren Zinsen eine k\u00fcrzere Frist (3\/5 Jahre).<\/p>\n<\/li>\n<li><strong><u>Klima und nat\u00fcrliche Umwelt<\/u><\/strong>\n<p>Die Temperaturen an der K\u00fcste bleiben im Winter \u00fcber dem Gefrierpunkt, tags\u00fcber um die 10\u00b0, und an einigen sehr warmen Tagen im Januar oder Februar kann die Temperatur bis zu 18\u00b0 betragen.  <\/p>\n<p>Sofia und Bansko hingegen haben \u00e4hnliche Temperaturen wie die Tschechische Republik und liegen in unmittelbarer N\u00e4he der Berge, was sie f\u00fcr die Wintersaison ideal macht.<\/p>\n<p>Die neuen modernen Geb\u00e4ude, vor allem im S\u00fcden der Stadt, liegen direkt an den Bergen und bieten somit eine ideale Unterkunftsm\u00f6glichkeit f\u00fcr Skifahrer mit sch\u00f6nem Blick auf die Berge.<\/p>\n<\/li>\n<li><strong><u>Investitionsm\u00f6glichkeiten<\/u><\/strong>\n<p>Bulgarien wird aufgrund des wachsenden Tourismus und der zunehmenden Entwicklungst\u00e4tigkeit f\u00fcr Investoren immer attraktiver.<\/p>\n<p>Es gibt immer mehr M\u00f6glichkeiten f\u00fcr Investitionen und den Bau von Immobilien zu Erholungszwecken.<\/p>\n<p>Der Besitz von Immobilien im Ausland kann eine Form der Diversifizierung des Anlageportfolios darstellen, die das Risiko verringern und eine alternative Anlageform bieten kann.<\/p>\n<p>Der Vorteil dieser Investition ist auch die schnelle Erreichbarkeit: In zwei Stunden ist man mit dem Flugzeug an jedem bulgarischen Flughafen.<\/p>\n<p>So ist es auch m\u00f6glich, die Immobilie jederzeit vor Ort zu besichtigen oder einen Wochenendausflug zu unternehmen.<\/p>\n<p>Die Immobilie kann zum Beispiel zu bestimmten Zeiten im Jahr genutzt und in den \u00fcbrigen Monaten vermietet werden.<\/p>\n<\/li>\n<li><strong><span style=\"text-decoration: underline;\">  Lebenshaltungskosten<\/span><\/strong>\n<p>Die Kosten h\u00e4ngen nat\u00fcrlich vor allem vom Ort ab, wobei die Preise in touristischen Orten und in der Hochsaison anders sind als im Landesinneren.<\/p>\n<p>Die Lebensmittelpreise sind fast halb so hoch wie in der Tschechischen Republik, die Energie- und Versorgungspreise sind viel niedriger.<\/p>\n<\/li>\n<\/ol>\n\t\t\t\t\t\t\t\t<\/div>\n\t\t\t\t<\/div>\n\t\t\t\t<div class=\"elementor-element elementor-element-c51c88b elementor-widget elementor-widget-image\" data-id=\"c51c88b\" data-element_type=\"widget\" data-widget_type=\"image.default\">\n\t\t\t\t<div class=\"elementor-widget-container\">\n\t\t\t\t\t\t\t\t\t\t\t\t\t\t\t<img fetchpriority=\"high\" decoding=\"async\" width=\"2560\" height=\"1561\" src=\"https:\/\/estatebulgaria.net\/wp-content\/uploads\/2023\/12\/iStock-1269801047.webp\" class=\"attachment-full size-full wp-image-1357\" alt=\"\" srcset=\"https:\/\/estatebulgaria.net\/wp-content\/uploads\/2023\/12\/iStock-1269801047.webp 2560w, https:\/\/estatebulgaria.net\/wp-content\/uploads\/2023\/12\/iStock-1269801047-300x183.webp 300w, https:\/\/estatebulgaria.net\/wp-content\/uploads\/2023\/12\/iStock-1269801047-1024x624.webp 1024w, https:\/\/estatebulgaria.net\/wp-content\/uploads\/2023\/12\/iStock-1269801047-768x468.webp 768w, https:\/\/estatebulgaria.net\/wp-content\/uploads\/2023\/12\/iStock-1269801047-1536x937.webp 1536w, https:\/\/estatebulgaria.net\/wp-content\/uploads\/2023\/12\/iStock-1269801047-2048x1249.webp 2048w\" sizes=\"(max-width: 2560px) 100vw, 2560px\" \/>\t\t\t\t\t\t\t\t\t\t\t\t\t\t\t<\/div>\n\t\t\t\t<\/div>\n\t\t\t\t\t<\/div>\n\t\t<\/div>\n\t\t\t\t\t<\/div>\n\t\t<\/section>\n\t\t\t\t<\/div>\n\t\t","protected":false},"excerpt":{"rendered":"<p>Was sind die Gr\u00fcnde f\u00fcr den Kauf einer Immobilie in Bulgarien? Preis von Immobilien Die Preise sind deutlich niedriger als in Deutschland, und neben der Gr\u00f6\u00dfe spielen auch die Lage und die N\u00e4he zum Meer eine wichtige Rolle. Bei einigen Wohnungen kann der Preisunterschied nur wegen des Meerblicks bestehen, und<\/p>\n<div class=\"re-read-more\"><a class=\"read-more\" href=\"https:\/\/estatebulgaria.net\/de\/warum-bulgarien\/\">Read More&#8230;<\/a><\/div>\n","protected":false},"author":1,"featured_media":0,"parent":0,"menu_order":0,"comment_status":"closed","ping_status":"closed","template":"","meta":{"footnotes":""},"class_list":["post-1652","page","type-page","status-publish","hentry"],"_links":{"self":[{"href":"https:\/\/estatebulgaria.net\/de\/wp-json\/wp\/v2\/pages\/1652","targetHints":{"allow":["GET"]}}],"collection":[{"href":"https:\/\/estatebulgaria.net\/de\/wp-json\/wp\/v2\/pages"}],"about":[{"href":"https:\/\/estatebulgaria.net\/de\/wp-json\/wp\/v2\/types\/page"}],"author":[{"embeddable":true,"href":"https:\/\/estatebulgaria.net\/de\/wp-json\/wp\/v2\/users\/1"}],"replies":[{"embeddable":true,"href":"https:\/\/estatebulgaria.net\/de\/wp-json\/wp\/v2\/comments?post=1652"}],"version-history":[{"count":5,"href":"https:\/\/estatebulgaria.net\/de\/wp-json\/wp\/v2\/pages\/1652\/revisions"}],"predecessor-version":[{"id":2329,"href":"https:\/\/estatebulgaria.net\/de\/wp-json\/wp\/v2\/pages\/1652\/revisions\/2329"}],"wp:attachment":[{"href":"https:\/\/estatebulgaria.net\/de\/wp-json\/wp\/v2\/media?parent=1652"}],"curies":[{"name":"wp","href":"https:\/\/api.w.org\/{rel}","templated":true}]}}