{"id":2297,"date":"2024-06-30T22:54:46","date_gmt":"2024-06-30T20:54:46","guid":{"rendered":"https:\/\/estatebulgaria.net\/investitionen\/"},"modified":"2024-07-01T00:06:54","modified_gmt":"2024-06-30T22:06:54","slug":"investitionen","status":"publish","type":"page","link":"https:\/\/estatebulgaria.net\/de\/investitionen\/","title":{"rendered":"Investitionen"},"content":{"rendered":"\t\t<div data-elementor-type=\"wp-page\" data-elementor-id=\"2297\" class=\"elementor elementor-2297 elementor-2281\">\n\t\t\t\t\t\t<section class=\"elementor-section elementor-top-section elementor-element elementor-element-eb37b67 elementor-section-stretched elementor-section-full_width elementor-section-height-default elementor-section-height-default\" data-id=\"eb37b67\" data-element_type=\"section\" data-settings=\"{&quot;stretch_section&quot;:&quot;section-stretched&quot;,&quot;background_background&quot;:&quot;classic&quot;}\">\n\t\t\t\t\t\t<div class=\"elementor-container elementor-column-gap-default\">\n\t\t\t\t\t<div class=\"elementor-column elementor-col-25 elementor-top-column elementor-element elementor-element-f1ee9ab\" data-id=\"f1ee9ab\" data-element_type=\"column\">\n\t\t\t<div class=\"elementor-widget-wrap elementor-element-populated\">\n\t\t\t\t\t\t<div class=\"elementor-element elementor-element-cd98fdd elementor-widget elementor-widget-spacer\" data-id=\"cd98fdd\" data-element_type=\"widget\" data-widget_type=\"spacer.default\">\n\t\t\t\t<div class=\"elementor-widget-container\">\n\t\t\t\t\t\t\t<div class=\"elementor-spacer\">\n\t\t\t<div class=\"elementor-spacer-inner\"><\/div>\n\t\t<\/div>\n\t\t\t\t\t\t<\/div>\n\t\t\t\t<\/div>\n\t\t\t\t\t<\/div>\n\t\t<\/div>\n\t\t\t\t<div class=\"elementor-column elementor-col-25 elementor-top-column elementor-element elementor-element-b981916\" data-id=\"b981916\" data-element_type=\"column\">\n\t\t\t<div class=\"elementor-widget-wrap elementor-element-populated\">\n\t\t\t\t\t\t<div class=\"elementor-element elementor-element-0b7d7af elementor-widget elementor-widget-text-editor\" data-id=\"0b7d7af\" data-element_type=\"widget\" data-widget_type=\"text-editor.default\">\n\t\t\t\t<div class=\"elementor-widget-container\">\n\t\t\t\t\t\t\t\t\t<p><div class='ays-chart-container-google ays-chart-container-7' id='ays-chart-container69e45b6ce0874' data-id='69e45b6ce0874'><div class='ays-chart-header-container'><div class='ays-chart-charts-title ays-chart-charts-title69e45b6ce0874'>Nominal Wohnimmobilienpreisindex<\/div><div class='ays-chart-charts-description ays-chart-charts-description69e45b6ce0874'><\/div><\/div><div class='ays-chart-charts-main-container ays-chart-charts-main-container69e45b6ce0874' id=ays-chart-column_chart69e45b6ce0874 data-type='column_chart'><\/div><div class='ays-chart-actions-container'><div class='ays-chart-export-buttons' data-id='7'><\/div><\/div><\/div><\/p>\t\t\t\t\t\t\t\t<\/div>\n\t\t\t\t<\/div>\n\t\t\t\t<div class=\"elementor-element elementor-element-3243d28 elementor-widget elementor-widget-text-editor\" data-id=\"3243d28\" data-element_type=\"widget\" data-widget_type=\"text-editor.default\">\n\t\t\t\t<div class=\"elementor-widget-container\">\n\t\t\t\t\t\t\t\t\t<p style=\"text-align: center;\">Datenquelle: <a href=\"https:\/\/www.ceicdata.com\/en\/indicator\/bulgaria\/nominal-residential-property-price-index\" target=\"_blank\" rel=\"noopener\">CEIC<\/a><\/p>\n\t\t\t\t\t\t\t\t<\/div>\n\t\t\t\t<\/div>\n\t\t\t\t<div class=\"elementor-element elementor-element-5e22522 elementor-widget elementor-widget-text-editor\" data-id=\"5e22522\" data-element_type=\"widget\" data-widget_type=\"text-editor.default\">\n\t\t\t\t<div class=\"elementor-widget-container\">\n\t\t\t\t\t\t\t\t\t<p><div class='ays-chart-container-google ays-chart-container-6' id='ays-chart-container69e45b6ce10af' data-id='69e45b6ce10af'><div class='ays-chart-header-container'><div class='ays-chart-charts-title ays-chart-charts-title69e45b6ce10af'>HPI &#8211; Hauspreisindex<\/div><div class='ays-chart-charts-description ays-chart-charts-description69e45b6ce10af'><\/div><\/div><div class='ays-chart-charts-main-container ays-chart-charts-main-container69e45b6ce10af' id=ays-chart-column_chart69e45b6ce10af data-type='column_chart'><\/div><div class='ays-chart-actions-container'><div class='ays-chart-export-buttons' data-id='6'><\/div><\/div><\/div><\/p>\t\t\t\t\t\t\t\t<\/div>\n\t\t\t\t<\/div>\n\t\t\t\t<div class=\"elementor-element elementor-element-a35193d elementor-widget elementor-widget-text-editor\" data-id=\"a35193d\" data-element_type=\"widget\" data-widget_type=\"text-editor.default\">\n\t\t\t\t<div class=\"elementor-widget-container\">\n\t\t\t\t\t\t\t\t\t<p style=\"text-align: center;\">Datenquelle: <a href=\"https:\/\/ec.europa.eu\/eurostat\/databrowser\/view\/PRC_HPI_A\/default\/table?lang=en\" target=\"_blank\" rel=\"noopener\">Eurostat<\/a><\/p>\n\t\t\t\t\t\t\t\t<\/div>\n\t\t\t\t<\/div>\n\t\t\t\t\t<\/div>\n\t\t<\/div>\n\t\t\t\t<div class=\"elementor-column elementor-col-25 elementor-top-column elementor-element elementor-element-7279eea\" data-id=\"7279eea\" data-element_type=\"column\">\n\t\t\t<div class=\"elementor-widget-wrap elementor-element-populated\">\n\t\t\t\t\t\t<div class=\"elementor-element elementor-element-4feff57 elementor-widget elementor-widget-heading\" data-id=\"4feff57\" data-element_type=\"widget\" data-widget_type=\"heading.default\">\n\t\t\t\t<div class=\"elementor-widget-container\">\n\t\t\t\t\t<h2 class=\"elementor-heading-title elementor-size-default\">Investieren in Bulgarien<\/h2>\t\t\t\t<\/div>\n\t\t\t\t<\/div>\n\t\t\t\t<div class=\"elementor-element elementor-element-b7be0cf elementor-widget elementor-widget-text-editor\" data-id=\"b7be0cf\" data-element_type=\"widget\" data-widget_type=\"text-editor.default\">\n\t\t\t\t<div class=\"elementor-widget-container\">\n\t\t\t\t\t\t\t\t\t<p>Bulgarien und Rum\u00e4nien werden Ende M\u00e4rz 2024 dem Schengen-Raum beitreten, so dass die Kontrollen vorerst nur f\u00fcr den Luft- und Seeverkehr entfallen werden. Sobald auch der Landverkehr frei ist, wird ein Anstieg des Handels und der Investitionen zwischen Bulgarien und anderen Schengen-L\u00e4ndern erwartet, ebenso wie ein Anstieg des Tourismus. All dies wird wahrscheinlich zu einem Anstieg der Immobilienpreise f\u00fchren.<\/p>\n\t\t\t\t\t\t\t\t<\/div>\n\t\t\t\t<\/div>\n\t\t\t\t<div class=\"elementor-element elementor-element-75ce9b1 elementor-widget elementor-widget-spacer\" data-id=\"75ce9b1\" data-element_type=\"widget\" data-widget_type=\"spacer.default\">\n\t\t\t\t<div class=\"elementor-widget-container\">\n\t\t\t\t\t\t\t<div class=\"elementor-spacer\">\n\t\t\t<div class=\"elementor-spacer-inner\"><\/div>\n\t\t<\/div>\n\t\t\t\t\t\t<\/div>\n\t\t\t\t<\/div>\n\t\t\t\t<div class=\"elementor-element elementor-element-5cbe608 elementor-widget elementor-widget-text-editor\" data-id=\"5cbe608\" data-element_type=\"widget\" data-widget_type=\"text-editor.default\">\n\t\t\t\t<div class=\"elementor-widget-container\">\n\t\t\t\t\t\t\t\t\t<p>Eine weitere M\u00f6glichkeit f\u00fcr einen Anstieg der Immobilienpreise ist das Ende des Konflikts in der Ukraine. Dank der gegen Russland verh\u00e4ngten Sanktionen trennen sich derzeit viele russische Eigent\u00fcmer von Wohnungen und H\u00e4usern an der K\u00fcste, weil sie bef\u00fcrchten, ihr Eigentum zu verlieren. Nach dem Ende der verh\u00e4ngten Sanktionen wird erwartet, dass russische Investoren nach Bulgarien zur\u00fcckkehren werden, was wiederum zu einem Preisanstieg f\u00fchren wird.<\/p>\n\t\t\t\t\t\t\t\t<\/div>\n\t\t\t\t<\/div>\n\t\t\t\t<div class=\"elementor-element elementor-element-35ee23d elementor-widget elementor-widget-spacer\" data-id=\"35ee23d\" data-element_type=\"widget\" data-widget_type=\"spacer.default\">\n\t\t\t\t<div class=\"elementor-widget-container\">\n\t\t\t\t\t\t\t<div class=\"elementor-spacer\">\n\t\t\t<div class=\"elementor-spacer-inner\"><\/div>\n\t\t<\/div>\n\t\t\t\t\t\t<\/div>\n\t\t\t\t<\/div>\n\t\t\t\t<div class=\"elementor-element elementor-element-8e5c8fa elementor-widget elementor-widget-text-editor\" data-id=\"8e5c8fa\" data-element_type=\"widget\" data-widget_type=\"text-editor.default\">\n\t\t\t\t<div class=\"elementor-widget-container\">\n\t\t\t\t\t\t\t\t\t<p>Auf den Diagrammen k\u00f6nnen Sie die Entwicklung der Immobilienpreise in Bulgarien und der Tschechischen Republik sehen.<\/p>\n\t\t\t\t\t\t\t\t<\/div>\n\t\t\t\t<\/div>\n\t\t\t\t\t<\/div>\n\t\t<\/div>\n\t\t\t\t<div class=\"elementor-column elementor-col-25 elementor-top-column elementor-element elementor-element-7118068\" data-id=\"7118068\" data-element_type=\"column\">\n\t\t\t<div class=\"elementor-widget-wrap elementor-element-populated\">\n\t\t\t\t\t\t<div class=\"elementor-element elementor-element-cf107f3 elementor-widget elementor-widget-spacer\" data-id=\"cf107f3\" data-element_type=\"widget\" data-widget_type=\"spacer.default\">\n\t\t\t\t<div class=\"elementor-widget-container\">\n\t\t\t\t\t\t\t<div class=\"elementor-spacer\">\n\t\t\t<div class=\"elementor-spacer-inner\"><\/div>\n\t\t<\/div>\n\t\t\t\t\t\t<\/div>\n\t\t\t\t<\/div>\n\t\t\t\t\t<\/div>\n\t\t<\/div>\n\t\t\t\t\t<\/div>\n\t\t<\/section>\n\t\t\t\t<\/div>\n\t\t","protected":false},"excerpt":{"rendered":"<p>Datenquelle: CEIC Datenquelle: Eurostat Investieren in Bulgarien Bulgarien und Rum\u00e4nien werden Ende M\u00e4rz 2024 dem Schengen-Raum beitreten, so dass die Kontrollen vorerst nur f\u00fcr den Luft- und Seeverkehr entfallen werden. Sobald auch der Landverkehr frei ist, wird ein Anstieg des Handels und der Investitionen zwischen Bulgarien und anderen Schengen-L\u00e4ndern erwartet,<\/p>\n<div class=\"re-read-more\"><a class=\"read-more\" href=\"https:\/\/estatebulgaria.net\/de\/investitionen\/\">Read More&#8230;<\/a><\/div>\n","protected":false},"author":1,"featured_media":0,"parent":0,"menu_order":0,"comment_status":"closed","ping_status":"closed","template":"","meta":{"footnotes":""},"class_list":["post-2297","page","type-page","status-publish","hentry"],"_links":{"self":[{"href":"https:\/\/estatebulgaria.net\/de\/wp-json\/wp\/v2\/pages\/2297","targetHints":{"allow":["GET"]}}],"collection":[{"href":"https:\/\/estatebulgaria.net\/de\/wp-json\/wp\/v2\/pages"}],"about":[{"href":"https:\/\/estatebulgaria.net\/de\/wp-json\/wp\/v2\/types\/page"}],"author":[{"embeddable":true,"href":"https:\/\/estatebulgaria.net\/de\/wp-json\/wp\/v2\/users\/1"}],"replies":[{"embeddable":true,"href":"https:\/\/estatebulgaria.net\/de\/wp-json\/wp\/v2\/comments?post=2297"}],"version-history":[{"count":8,"href":"https:\/\/estatebulgaria.net\/de\/wp-json\/wp\/v2\/pages\/2297\/revisions"}],"predecessor-version":[{"id":2325,"href":"https:\/\/estatebulgaria.net\/de\/wp-json\/wp\/v2\/pages\/2297\/revisions\/2325"}],"wp:attachment":[{"href":"https:\/\/estatebulgaria.net\/de\/wp-json\/wp\/v2\/media?parent=2297"}],"curies":[{"name":"wp","href":"https:\/\/api.w.org\/{rel}","templated":true}]}}